{"id":89,"date":"2024-04-09T07:15:48","date_gmt":"2024-04-09T07:15:48","guid":{"rendered":"https:\/\/dinova.dev.elogic.it\/?page_id=89"},"modified":"2025-09-09T09:15:11","modified_gmt":"2025-09-09T07:15:11","slug":"manifesto","status":"publish","type":"page","link":"https:\/\/www.dinova.one\/es-es\/manifesto\/","title":{"rendered":"Manifiesto"},"content":{"rendered":"<div data-elementor-type=\"wp-page\" data-elementor-id=\"89\" class=\"elementor elementor-89\" data-elementor-post-type=\"page\">\n\t\t\t\t<div data-dce-background-color=\"#00131B\" data-dce-background-overlay-color=\"#00131B\" class=\"elementor-element elementor-element-1bc8fe4 e-flex e-con-boxed e-con e-parent\" data-id=\"1bc8fe4\" data-element_type=\"container\" data-settings=\"{&quot;background_background&quot;:&quot;classic&quot;}\">\n\t\t\t\t\t<div class=\"e-con-inner\">\n\t\t<div class=\"elementor-element elementor-element-c8a232b e-con-full animated-slow e-flex elementor-invisible e-con e-child\" data-id=\"c8a232b\" data-element_type=\"container\" id=\"wrap\" data-settings=\"{&quot;background_background&quot;:&quot;video&quot;,&quot;animation&quot;:&quot;fadeIn&quot;}\">\n\t\t\t\t<div class=\"elementor-element elementor-element-772d861 elementor-widget__width-initial dce_masking-none elementor-widget elementor-widget-image-box\" data-id=\"772d861\" data-element_type=\"widget\" data-widget_type=\"image-box.default\">\n\t\t\t\t<div class=\"elementor-widget-container\">\n\t\t\t\t\t<div class=\"elementor-image-box-wrapper\"><div class=\"elementor-image-box-content\"><h3 class=\"elementor-image-box-title translation-block\">Somos humanos, ante todo.<\/h3><p class=\"elementor-image-box-description translation-block\">Somos individuos en constante di\u00e1logo con el objetivo de <b>construir en conjunto.<\/b>\nPotenciamos la singularidad de cada persona para crear algo colectivo.<\/p><\/div><\/div>\t\t\t\t<\/div>\n\t\t\t\t<\/div>\n\t\t\t\t<div class=\"elementor-element elementor-element-b6025b8 elementor-widget__width-initial dce_masking-none elementor-invisible elementor-widget elementor-widget-video\" data-id=\"b6025b8\" data-element_type=\"widget\" id=\"video-m\" data-settings=\"{&quot;video_type&quot;:&quot;hosted&quot;,&quot;autoplay&quot;:&quot;yes&quot;,&quot;mute&quot;:&quot;yes&quot;,&quot;_animation&quot;:&quot;fadeIn&quot;,&quot;_animation_delay&quot;:200,&quot;play_on_mobile&quot;:&quot;yes&quot;}\" data-widget_type=\"video.default\">\n\t\t\t\t<div class=\"elementor-widget-container\">\n\t\t\t\t\t\t\t<div class=\"e-hosted-video elementor-wrapper elementor-open-inline\">\n\t\t\t\t\t<video class=\"elementor-video\" src=\"https:\/\/dinova.dev.elogic.it\/wp-content\/uploads\/2024\/04\/animazione_manifesto.mp4\" autoplay=\"\" muted=\"muted\" playsinline=\"\" controlslist=\"nodownload\"><\/video>\n\t\t\t\t<\/div>\n\t\t\t\t\t\t<\/div>\n\t\t\t\t<\/div>\n\t\t\t\t<\/div>\n\t\t<div class=\"elementor-element elementor-element-5cf064f animated-slow e-flex e-con-boxed elementor-invisible e-con e-child\" data-id=\"5cf064f\" data-element_type=\"container\" id=\"wrap\" data-settings=\"{&quot;animation&quot;:&quot;fadeIn&quot;,&quot;animation_delay&quot;:500}\">\n\t\t\t\t\t<div class=\"e-con-inner\">\n\t\t\t\t<div class=\"elementor-element elementor-element-f763b27 elementor-widget__width-initial dce_masking-none elementor-widget elementor-widget-image-box\" data-id=\"f763b27\" data-element_type=\"widget\" data-widget_type=\"image-box.default\">\n\t\t\t\t<div class=\"elementor-widget-container\">\n\t\t\t\t\t<div class=\"elementor-image-box-wrapper\"><div class=\"elementor-image-box-content\"><h3 class=\"elementor-image-box-title\">Somos alquimistas y arquitectos.<\/h3><p class=\"elementor-image-box-description translation-block\">Fusionamos <b>tecnolog\u00eda e inteligencia<\/b>, lo humano y lo digital. Tendemos puentes entre la idea y la implementaci\u00f3n.<\/p><\/div><\/div>\t\t\t\t<\/div>\n\t\t\t\t<\/div>\n\t\t\t\t<div class=\"elementor-element elementor-element-01ad966 elementor-widget__width-initial dce_masking-none elementor-invisible elementor-widget elementor-widget-video\" data-id=\"01ad966\" data-element_type=\"widget\" id=\"video-m\" data-settings=\"{&quot;video_type&quot;:&quot;hosted&quot;,&quot;autoplay&quot;:&quot;yes&quot;,&quot;mute&quot;:&quot;yes&quot;,&quot;_animation&quot;:&quot;fadeIn&quot;,&quot;_animation_delay&quot;:200,&quot;play_on_mobile&quot;:&quot;yes&quot;}\" data-widget_type=\"video.default\">\n\t\t\t\t<div class=\"elementor-widget-container\">\n\t\t\t\t\t<div class=\"dce-transforms\"><div class=\"dce-transforms-wrap\">\t\t<div class=\"e-hosted-video elementor-wrapper elementor-open-inline\">\n\t\t\t\t\t<video class=\"elementor-video\" src=\"https:\/\/dinova.dev.elogic.it\/wp-content\/uploads\/2024\/04\/animazione_manifesto.mp4\" autoplay=\"\" muted=\"muted\" playsinline=\"\" controlslist=\"nodownload\"><\/video>\n\t\t\t\t<\/div>\n\t\t<\/div><\/div>\t\t\t\t<\/div>\n\t\t\t\t<\/div>\n\t\t\t\t\t<\/div>\n\t\t\t\t<\/div>\n\t\t<div class=\"elementor-element elementor-element-58977fa animated-slow e-flex e-con-boxed elementor-invisible e-con e-child\" data-id=\"58977fa\" data-element_type=\"container\" id=\"wrap\" data-settings=\"{&quot;animation&quot;:&quot;fadeIn&quot;,&quot;animation_delay&quot;:500}\">\n\t\t\t\t\t<div class=\"e-con-inner\">\n\t\t\t\t<div class=\"elementor-element elementor-element-0755056 elementor-widget__width-initial dce_masking-none elementor-widget elementor-widget-image-box\" data-id=\"0755056\" data-element_type=\"widget\" data-widget_type=\"image-box.default\">\n\t\t\t\t<div class=\"elementor-widget-container\">\n\t\t\t\t\t<div class=\"elementor-image-box-wrapper\"><div class=\"elementor-image-box-content\"><h3 class=\"elementor-image-box-title\">Nos dedicamos a lo inesperado.<\/h3><p class=\"elementor-image-box-description translation-block\">No hay progreso sin <b>audacia<\/b>.\n<br> No hay una idea v\u00e1lida sin la disposici\u00f3n a reflexionar sobre cada pensamiento. Buscamos la innovaci\u00f3n explorando cada idea y cada camino, especialmente los que a\u00fan no se han recorrido.<\/p><\/div><\/div>\t\t\t\t<\/div>\n\t\t\t\t<\/div>\n\t\t\t\t<div class=\"elementor-element elementor-element-6c95741 elementor-widget__width-initial dce_masking-none elementor-invisible elementor-widget elementor-widget-video\" data-id=\"6c95741\" data-element_type=\"widget\" id=\"video-m\" data-settings=\"{&quot;video_type&quot;:&quot;hosted&quot;,&quot;autoplay&quot;:&quot;yes&quot;,&quot;mute&quot;:&quot;yes&quot;,&quot;_animation&quot;:&quot;fadeIn&quot;,&quot;_animation_delay&quot;:200,&quot;play_on_mobile&quot;:&quot;yes&quot;}\" data-widget_type=\"video.default\">\n\t\t\t\t<div class=\"elementor-widget-container\">\n\t\t\t\t\t\t\t<div class=\"e-hosted-video elementor-wrapper elementor-open-inline\">\n\t\t\t\t\t<video class=\"elementor-video\" src=\"https:\/\/dinova.dev.elogic.it\/wp-content\/uploads\/2024\/04\/animazione_manifesto.mp4\" autoplay=\"\" muted=\"muted\" playsinline=\"\" controlslist=\"nodownload\"><\/video>\n\t\t\t\t<\/div>\n\t\t\t\t\t\t<\/div>\n\t\t\t\t<\/div>\n\t\t\t\t\t<\/div>\n\t\t\t\t<\/div>\n\t\t<div class=\"elementor-element elementor-element-7df6044 animated-slow e-flex e-con-boxed elementor-invisible e-con e-child\" data-id=\"7df6044\" data-element_type=\"container\" id=\"wrap\" data-settings=\"{&quot;animation&quot;:&quot;fadeIn&quot;,&quot;animation_delay&quot;:500}\">\n\t\t\t\t\t<div class=\"e-con-inner\">\n\t\t\t\t<div class=\"elementor-element elementor-element-94649f8 elementor-widget__width-initial dce_masking-none elementor-widget elementor-widget-image-box\" data-id=\"94649f8\" data-element_type=\"widget\" data-widget_type=\"image-box.default\">\n\t\t\t\t<div class=\"elementor-widget-container\">\n\t\t\t\t\t<div class=\"elementor-image-box-wrapper\"><div class=\"elementor-image-box-content\"><h3 class=\"elementor-image-box-title\">Somos confiables.<\/h3><p class=\"elementor-image-box-description translation-block\">Nos comprometemos a crear un <b>entorno seguro<\/b> que fomente el progreso y permita la libertad de crear sin preocupaciones. Para nosotros, el bienestar y el crecimiento digital no son un destino, sino un camino en constante evoluci\u00f3n.<\/p><\/div><\/div>\t\t\t\t<\/div>\n\t\t\t\t<\/div>\n\t\t\t\t<div class=\"elementor-element elementor-element-02792b7 elementor-widget__width-initial dce_masking-none elementor-invisible elementor-widget elementor-widget-video\" data-id=\"02792b7\" data-element_type=\"widget\" id=\"video-m\" data-settings=\"{&quot;video_type&quot;:&quot;hosted&quot;,&quot;autoplay&quot;:&quot;yes&quot;,&quot;mute&quot;:&quot;yes&quot;,&quot;_animation&quot;:&quot;fadeIn&quot;,&quot;_animation_delay&quot;:200,&quot;play_on_mobile&quot;:&quot;yes&quot;}\" data-widget_type=\"video.default\">\n\t\t\t\t<div class=\"elementor-widget-container\">\n\t\t\t\t\t<div class=\"dce-transforms\"><div class=\"dce-transforms-wrap\">\t\t<div class=\"e-hosted-video elementor-wrapper elementor-open-inline\">\n\t\t\t\t\t<video class=\"elementor-video\" src=\"https:\/\/dinova.dev.elogic.it\/wp-content\/uploads\/2024\/04\/animazione_manifesto.mp4\" autoplay=\"\" muted=\"muted\" playsinline=\"\" controlslist=\"nodownload\"><\/video>\n\t\t\t\t<\/div>\n\t\t<\/div><\/div>\t\t\t\t<\/div>\n\t\t\t\t<\/div>\n\t\t\t\t\t<\/div>\n\t\t\t\t<\/div>\n\t\t<div class=\"elementor-element elementor-element-3165204 e-flex e-con-boxed e-con e-child\" data-id=\"3165204\" data-element_type=\"container\">\n\t\t\t\t\t<div class=\"e-con-inner\">\n\t\t\t\t<div class=\"elementor-element elementor-element-73164ad elementor-widget__width-initial animated-slow dce_masking-none elementor-invisible elementor-widget elementor-widget-image-box\" data-id=\"73164ad\" data-element_type=\"widget\" data-settings=\"{&quot;_animation&quot;:&quot;fadeInLeft&quot;}\" data-widget_type=\"image-box.default\">\n\t\t\t\t<div class=\"elementor-widget-container\">\n\t\t\t\t\t<div class=\"elementor-image-box-wrapper\"><div class=\"elementor-image-box-content\"><p class=\"elementor-image-box-description translation-block\">Queremos liderar la <b>innovaci\u00f3n digital<\/b>, priorizando siempre a las personas.\n<br><br>\nDetr\u00e1s de cada tecnolog\u00eda exitosa hay <b>mentes humanas<\/b> en constante movimiento.<\/p><\/div><\/div>\t\t\t\t<\/div>\n\t\t\t\t<\/div>\n\t\t\t\t\t<\/div>\n\t\t\t\t<\/div>\n\t\t\t\t\t<\/div>\n\t\t\t\t<\/div>\n\t\t<!-- dce invisible element ff61855 -->\t\t<\/div>","protected":false},"excerpt":{"rendered":"<p>Siamo umani, prima di ogni altra cosa. Siamo individui in un dialogo costante con l\u2019obiettivo di costruire insieme. Coltiviamo la forza del singolo per realizzare creazioni comuni. https:\/\/dinova.dev.elogic.it\/wp-content\/uploads\/2024\/04\/animazione_manifesto.mp4 Siamo alchimisti e architetti. Creiamo sinergie tra tecnologia e intelligenza, tra la macchina e l\u2019umano. Costruiamo ponti tra l\u2019idea e la realizzazione. https:\/\/dinova.dev.elogic.it\/wp-content\/uploads\/2024\/04\/animazione_manifesto.mp4 Siamo votati all\u2019inaspettato. Non [&hellip;]<\/p>\n","protected":false},"author":1,"featured_media":529,"parent":0,"menu_order":0,"comment_status":"closed","ping_status":"closed","template":"elementor_header_footer","meta":{"_acf_changed":false,"footnotes":""},"tipo-di-pagina":[],"class_list":["post-89","page","type-page","status-publish","has-post-thumbnail","hentry"],"acf":[],"_links":{"self":[{"href":"https:\/\/www.dinova.one\/es-es\/wp-json\/wp\/v2\/pages\/89","targetHints":{"allow":["GET"]}}],"collection":[{"href":"https:\/\/www.dinova.one\/es-es\/wp-json\/wp\/v2\/pages"}],"about":[{"href":"https:\/\/www.dinova.one\/es-es\/wp-json\/wp\/v2\/types\/page"}],"author":[{"embeddable":true,"href":"https:\/\/www.dinova.one\/es-es\/wp-json\/wp\/v2\/users\/1"}],"replies":[{"embeddable":true,"href":"https:\/\/www.dinova.one\/es-es\/wp-json\/wp\/v2\/comments?post=89"}],"version-history":[{"count":10,"href":"https:\/\/www.dinova.one\/es-es\/wp-json\/wp\/v2\/pages\/89\/revisions"}],"predecessor-version":[{"id":7848,"href":"https:\/\/www.dinova.one\/es-es\/wp-json\/wp\/v2\/pages\/89\/revisions\/7848"}],"wp:featuredmedia":[{"embeddable":true,"href":"https:\/\/www.dinova.one\/es-es\/wp-json\/wp\/v2\/media\/529"}],"wp:attachment":[{"href":"https:\/\/www.dinova.one\/es-es\/wp-json\/wp\/v2\/media?parent=89"}],"wp:term":[{"taxonomy":"tipo-di-pagina","embeddable":true,"href":"https:\/\/www.dinova.one\/es-es\/wp-json\/wp\/v2\/tipo-di-pagina?post=89"}],"curies":[{"name":"wp","href":"https:\/\/api.w.org\/{rel}","templated":true}]}}