{"id":4623,"date":"2024-12-18T10:03:29","date_gmt":"2024-12-18T09:03:29","guid":{"rendered":"https:\/\/www.dinova.one\/?page_id=4623"},"modified":"2025-10-07T14:36:15","modified_gmt":"2025-10-07T12:36:15","slug":"certificazioni","status":"publish","type":"page","link":"https:\/\/www.dinova.one\/es-es\/certificazioni\/","title":{"rendered":"Certificaciones"},"content":{"rendered":"<p id=\"E491\" class=\"x-scope qowt-word-para-3\">Dinova s.r.l. considera el logro de los objetivos de Calidad del servicio proporcionado y Seguridad de la Informaci\u00f3n como factores determinantes para el \u00e9xito del negocio, y se compromete a garantizar que los procesos de gesti\u00f3n de la informaci\u00f3n y los procesos operativos se realicen de acuerdo con la normativa vigente y al m\u00e1s alto nivel de seguridad y calidad. Para ello, la Empresa ha adoptado y certificado un Sistema de Gesti\u00f3n Integrado de Calidad y Seguridad de la Informaci\u00f3n, seg\u00fan las Normas Internacionales, y ha obtenido la calificaci\u00f3n de Proveedor de Servicios en la Nube acreditado ACN.<\/p>\n<h3 id=\"E544\" class=\"x-scope qowt-word-para-4\"><span id=\"E545\" class=\"qowt-font10-Poppins\">UNI EN ISO 9001:2015 \u2013 Sistema de gesti\u00f3n de la Calidad<\/span><\/h3>\n<p><strong>Certificaci\u00f3n ISO 9001-2015<\/strong><br \/>\nEl Sistema de Gesti\u00f3n de la Calidad de DINOVA Srl cumple con los requisitos de la normativa internacional ISO 9001. La certificaci\u00f3n garantiza que la Empresa ha adoptado una gesti\u00f3n de la calidad del servicio centrada en el cliente y en el concepto de mejora continua.<\/p>\n<p><a href=\"https:\/\/www.dinova.one\/wp-content\/uploads\/2025\/01\/ISO-9001_Dinova.pdf\"><strong>Ver los certificados<\/strong><\/a><\/p>\n<p><strong><a href=\"https:\/\/www.dinova.one\/wp-content\/uploads\/2025\/01\/PL-Politica-Generale-SGQ.pdf\">Ver la Pol\u00edtica de Calidad<\/a><\/strong><\/p>\n<h3 id=\"E553\" class=\"x-scope qowt-word-para-4\"><span id=\"E554\" class=\"qowt-font10-Poppins\">ISO\/IEC 27001:2022 \u2013 Sistema de gesti\u00f3n de la Seguridad de la Informaci\u00f3n<\/span><\/h3>\n<p><strong>Certificaci\u00f3n ISO\/IEC 27001:2022 extendida a las directrices ISO 27018:2019 e ISO 27017:2015<\/strong><\/p>\n<p>DINOVA Srl cumple con los requisitos de la norma para el Sistema de Gesti\u00f3n de la Seguridad de la Informaci\u00f3n, certificaci\u00f3n ISO\/IEC 27001:2022 tambi\u00e9n extendida a los controles previstos por las directrices ISO\/IEC 27018:2019 e ISO\/IEC 27017:2015. La certificaci\u00f3n garantiza que la Empresa ha implementado, y mantiene con un enfoque de mejora continua, un sistema de gesti\u00f3n de la seguridad de la informaci\u00f3n adecuado para gestionar los riesgos relacionados con la ciberseguridad, la seguridad de la informaci\u00f3n y la protecci\u00f3n de datos, en cumplimiento con la normativa vigente, las mejores pr\u00e1cticas y los principios establecidos por la norma internacional.<\/p>\n<p><a href=\"https:\/\/www.dinova.one\/wp-content\/uploads\/2025\/01\/ISO-27001_Dinova.pdf\"><strong>Ver los certificados<\/strong>\u00a0<\/a><\/p>\n<p><strong><a href=\"https:\/\/www.dinova.one\/wp-content\/uploads\/2025\/01\/PL-Politica-Generale-SGSI.pdf\">Ver la Pol\u00edtica de Seguridad de la Informaci\u00f3n<\/a><\/strong><\/p>\n<h3 id=\"E602\" class=\"x-scope qowt-word-para-3\">Calificaci\u00f3n SaaS, IaaS, PaaS y CSP<\/h3>\n<p>DINOVA ha obtenido de la Agencia Nacional de Ciberseguridad (que sustituy\u00f3 a AgID en la gesti\u00f3n de las calificaciones) la calificaci\u00f3n de <strong>Proveedor de Servicios en la Nube (CSP)<\/strong> para la provisi\u00f3n de servicios en la nube a la Administraci\u00f3n P\u00fablica.<\/p>\n<p>DINOVA tiene el nivel de calificaci\u00f3n QI1 para los servicios Cloud IaaS con recursos dedicados, Paas, Almacenamiento tipo NAS (Network Attached Storage) y Object Storage, Kubernetes, Correo electr\u00f3nico, y para el servicio Cloud SaaS INTERACTA. Esta calificaci\u00f3n garantiza a las Administraciones P\u00fablicas las caracter\u00edsticas necesarias de calidad, seguridad, rendimiento, escalabilidad, interoperabilidad y portabilidad de los servicios ofrecidos en la nube, en conformidad con las condiciones requeridas por la ACN.<\/p>","protected":false},"excerpt":{"rendered":"<p>Dinova s.r.l. considera il perseguimento degli obiettivi della Qualit\u00e0 del servizio fornito e della Sicurezza delle Informazioni quali fattori determinanti per il successo del business, e si impegna a garantire che i processi di gestione delle informazioni e quelli operativi siano erogati in conformit\u00e0 alla normativa cogente e al massimo livello di sicurezza e qualit\u00e0. [&hellip;]<\/p>\n","protected":false},"author":1,"featured_media":0,"parent":0,"menu_order":0,"comment_status":"closed","ping_status":"closed","template":"","meta":{"_acf_changed":false,"footnotes":""},"tipo-di-pagina":[],"class_list":["post-4623","page","type-page","status-publish","hentry"],"acf":[],"_links":{"self":[{"href":"https:\/\/www.dinova.one\/es-es\/wp-json\/wp\/v2\/pages\/4623","targetHints":{"allow":["GET"]}}],"collection":[{"href":"https:\/\/www.dinova.one\/es-es\/wp-json\/wp\/v2\/pages"}],"about":[{"href":"https:\/\/www.dinova.one\/es-es\/wp-json\/wp\/v2\/types\/page"}],"author":[{"embeddable":true,"href":"https:\/\/www.dinova.one\/es-es\/wp-json\/wp\/v2\/users\/1"}],"replies":[{"embeddable":true,"href":"https:\/\/www.dinova.one\/es-es\/wp-json\/wp\/v2\/comments?post=4623"}],"version-history":[{"count":10,"href":"https:\/\/www.dinova.one\/es-es\/wp-json\/wp\/v2\/pages\/4623\/revisions"}],"predecessor-version":[{"id":8065,"href":"https:\/\/www.dinova.one\/es-es\/wp-json\/wp\/v2\/pages\/4623\/revisions\/8065"}],"wp:attachment":[{"href":"https:\/\/www.dinova.one\/es-es\/wp-json\/wp\/v2\/media?parent=4623"}],"wp:term":[{"taxonomy":"tipo-di-pagina","embeddable":true,"href":"https:\/\/www.dinova.one\/es-es\/wp-json\/wp\/v2\/tipo-di-pagina?post=4623"}],"curies":[{"name":"wp","href":"https:\/\/api.w.org\/{rel}","templated":true}]}}