{"id":2313,"date":"2024-04-29T12:29:34","date_gmt":"2024-04-29T10:29:34","guid":{"rendered":"https:\/\/dinova.dev.elogic.it\/?page_id=2313"},"modified":"2025-07-29T13:03:02","modified_gmt":"2025-07-29T11:03:02","slug":"etica-e-conformita","status":"publish","type":"page","link":"https:\/\/www.dinova.one\/es-es\/etica-e-conformita\/","title":{"rendered":"\u00c9tica y cumplimiento"},"content":{"rendered":"<p>Trabajamos seg\u00fan principios de justicia y \u00e9tica: estos son los valores que nos distinguen y sobre los que se basa nuestra relaci\u00f3n con clientes, proveedores, empleados, socios comerciales y partes interesadas.<\/p>\n<ul>\n<li><a href=\"\/wp-content\/uploads\/2024\/04\/Codice-Etico_Dinova_15-02-2024.pdf\" target=\"_blank\" rel=\"noopener\">C\u00f3digo \u00c9tico Consorcio Maggioli<\/a><\/li>\n<li><a href=\"\/wp-content\/uploads\/2024\/04\/Dinova-MOGC-Parte-GeneraleAllegati.pdf\" target=\"_blank\" rel=\"noopener\">Modelo de Organizaci\u00f3n, Gesti\u00f3n y Control D.Lgs 231\/2002<\/a><\/li>\n<\/ul>","protected":false},"excerpt":{"rendered":"<p>Lavoriamo secondo principi di giustizia ed eticit\u00e0: questi sono i valori che ci contraddistinguono e su cui si fonda il nostro rapporto con clienti, fornitori, dipendenti, partner commerciali e stakeholder. Codice Etico Consorzio Maggioli Modello di Organizzazione, Gestione e Controllo D.Lgs 231\/2002<\/p>","protected":false},"author":1,"featured_media":0,"parent":0,"menu_order":0,"comment_status":"closed","ping_status":"closed","template":"","meta":{"_acf_changed":false,"footnotes":""},"tipo-di-pagina":[],"class_list":["post-2313","page","type-page","status-publish","hentry"],"acf":[],"_links":{"self":[{"href":"https:\/\/www.dinova.one\/es-es\/wp-json\/wp\/v2\/pages\/2313","targetHints":{"allow":["GET"]}}],"collection":[{"href":"https:\/\/www.dinova.one\/es-es\/wp-json\/wp\/v2\/pages"}],"about":[{"href":"https:\/\/www.dinova.one\/es-es\/wp-json\/wp\/v2\/types\/page"}],"author":[{"embeddable":true,"href":"https:\/\/www.dinova.one\/es-es\/wp-json\/wp\/v2\/users\/1"}],"replies":[{"embeddable":true,"href":"https:\/\/www.dinova.one\/es-es\/wp-json\/wp\/v2\/comments?post=2313"}],"version-history":[{"count":5,"href":"https:\/\/www.dinova.one\/es-es\/wp-json\/wp\/v2\/pages\/2313\/revisions"}],"predecessor-version":[{"id":6824,"href":"https:\/\/www.dinova.one\/es-es\/wp-json\/wp\/v2\/pages\/2313\/revisions\/6824"}],"wp:attachment":[{"href":"https:\/\/www.dinova.one\/es-es\/wp-json\/wp\/v2\/media?parent=2313"}],"wp:term":[{"taxonomy":"tipo-di-pagina","embeddable":true,"href":"https:\/\/www.dinova.one\/es-es\/wp-json\/wp\/v2\/tipo-di-pagina?post=2313"}],"curies":[{"name":"wp","href":"https:\/\/api.w.org\/{rel}","templated":true}]}}