{"id":1613,"date":"2024-04-19T15:18:42","date_gmt":"2024-04-19T15:18:42","guid":{"rendered":"https:\/\/dinova.dev.elogic.it\/?page_id=1613"},"modified":"2025-07-29T12:56:58","modified_gmt":"2025-07-29T10:56:58","slug":"privacy-policy","status":"publish","type":"page","link":"https:\/\/www.dinova.one\/es-es\/privacy-policy\/","title":{"rendered":"Privacy Policy"},"content":{"rendered":"\t\t<div data-elementor-type=\"wp-page\" data-elementor-id=\"1613\" class=\"elementor elementor-1613\" data-elementor-post-type=\"page\">\n\t\t\t\t<div class=\"elementor-element elementor-element-4fa1206 e-flex e-con-boxed e-con e-parent\" data-id=\"4fa1206\" data-element_type=\"container\">\n\t\t\t\t\t<div class=\"e-con-inner\">\n\t\t\t\t<div class=\"elementor-element elementor-element-36adf8b7 elementor-widget elementor-widget-text-editor\" data-id=\"36adf8b7\" data-element_type=\"widget\" data-widget_type=\"text-editor.default\">\n\t\t\t\t<div class=\"elementor-widget-container\">\n\t\t\t\t\t\t\t\t\t<p>L\u2019informativa \u00e8 resa per il sito\u00a0\u201c<strong>www.dinova.one<\/strong>\u201d (di seguito indicato anche come \u201cSito Web\u201d) e non anche per altri siti web eventualmente consultati dall\u2019Utente tramite link, ai sensi e per gli effetti dell\u2019art.13 del Regolamento UE n. 2016\/679 \u201cRegolamento Generale sulla Protezione dei Dati\u201d (di seguito \u201cRegolamento\u201d).<\/p><h2><strong>Introduzione<\/strong><\/h2><p>Dinova \u00e8 impegnata a promuovere il rispetto della privacy e della protezione dei dati personali ed a rispettare le normative europee e nazionali che ne disciplinano l\u2019utilizzo, con particolare riferimento al Regolamento.<\/p><p>La presente informativa sulla privacy spiega come Dinova raccoglie ed elabora i dati personali dell\u2019Utente quando utilizza il Sito web.<\/p><p>Per ogni ulteriore informazione sugli argomenti riportati nella presente privacy policy scrivere a: privacy@dinova.one<\/p><h2><strong>Aggiornamento e modifiche della Privacy Policy<\/strong><\/h2><p>La presente Privacy Policy viene rivista regolarmente per assicurare di continuare a garantire il rispetto dei diritti sulla privacy. In caso di modifiche, sar\u00e0 pubblicato un avviso sul nostro sito web. Dunque, \u00e8 importante consultare spesso questa pagina, prendendo come riferimento la data di ultima modifica indicata in fondo.<\/p><p>Nel caso di mancata accettazione delle modifiche apportate alla presente Privacy Policy, l\u2019Utente del sito web Dinova dovr\u00e0 cessarne l\u2019utilizzo richiedendo la cancellazione dei rispettivi dati personali. Salvo quanto diversamente specificato, la presente Privacy Policy continuer\u00e0 ad applicarsi al trattamento dei dati personali dell\u2019Utente sino a quel momento raccolti.<\/p>\t\t\t\t\t\t\t\t<\/div>\n\t\t\t\t<\/div>\n\t\t\t\t<div data-dce-background-color=\"#883BFF14\" class=\"elementor-element elementor-element-2609cea elementor-widget elementor-widget-table-of-contents\" data-id=\"2609cea\" data-element_type=\"widget\" data-settings=\"{&quot;headings_by_tags&quot;:[&quot;h3&quot;,&quot;h5&quot;],&quot;exclude_headings_by_selector&quot;:[],&quot;marker_view&quot;:&quot;bullets&quot;,&quot;icon&quot;:{&quot;value&quot;:&quot;fas fa-circle&quot;,&quot;library&quot;:&quot;fa-solid&quot;,&quot;rendered_tag&quot;:&quot;&lt;svg class=\\&quot;e-font-icon-svg e-fas-circle\\&quot; viewBox=\\&quot;0 0 512 512\\&quot; xmlns=\\&quot;http:\\\/\\\/www.w3.org\\\/2000\\\/svg\\&quot;&gt;&lt;path d=\\&quot;M256 8C119 8 8 119 8 256s111 248 248 248 248-111 248-248S393 8 256 8z\\&quot;&gt;&lt;\\\/path&gt;&lt;\\\/svg&gt;&quot;},&quot;no_headings_message&quot;:&quot;No se ha encontrado ning\\u00fan encabezado en esta p\\u00e1gina.&quot;,&quot;min_height&quot;:{&quot;unit&quot;:&quot;px&quot;,&quot;size&quot;:&quot;&quot;,&quot;sizes&quot;:[]},&quot;min_height_tablet&quot;:{&quot;unit&quot;:&quot;px&quot;,&quot;size&quot;:&quot;&quot;,&quot;sizes&quot;:[]},&quot;min_height_mobile&quot;:{&quot;unit&quot;:&quot;px&quot;,&quot;size&quot;:&quot;&quot;,&quot;sizes&quot;:[]}}\" data-widget_type=\"table-of-contents.default\">\n\t\t\t\t<div class=\"elementor-widget-container\">\n\t\t\t\t\t\t\t<div class=\"elementor-toc__header\">\n\t\t\t<h4 class=\"elementor-toc__header-title\">\n\t\t\t\tSommario\t\t\t<\/h4>\n\t\t\t\t\t<\/div>\n\t\t<div id=\"elementor-toc__2609cea\" class=\"elementor-toc__body\">\n\t\t\t<div class=\"elementor-toc__spinner-container\">\n\t\t\t\t<svg class=\"elementor-toc__spinner eicon-animation-spin e-font-icon-svg e-eicon-loading\" aria-hidden=\"true\" viewBox=\"0 0 1000 1000\" xmlns=\"http:\/\/www.w3.org\/2000\/svg\"><path d=\"M500 975V858C696 858 858 696 858 500S696 142 500 142 142 304 142 500H25C25 237 238 25 500 25S975 237 975 500 763 975 500 975Z\"><\/path><\/svg>\t\t\t<\/div>\n\t\t<\/div>\n\t\t\t\t\t\t<\/div>\n\t\t\t\t<\/div>\n\t\t\t\t<div class=\"elementor-element elementor-element-33bea52 elementor-widget__width-auto elementor-widget elementor-widget-text-editor\" data-id=\"33bea52\" data-element_type=\"widget\" data-widget_type=\"text-editor.default\">\n\t\t\t\t<div class=\"elementor-widget-container\">\n\t\t\t\t\t\t\t\t\t<h3><strong><u>Titolare del trattamento<\/u><\/strong><\/h3><p>Il Titolare del trattamento \u00e8:<\/p><p><strong>DINOVA S.r.l.<\/strong> \u00a0\u2013 Via dei Lapidari 12, 40129 Bologna, (Italia) &#8211; Tel.: +39 0516120291<\/p><p>email: privacy@dinova.one PEC: dinova@<span class=\"gmail-il\">legalmail<\/span>.it<\/p><p>Codice Fiscale 03008670360; Partita IVA: 03008670360<\/p><h3><strong><u>Tipologia di\u00a0 dati personali raccolti<\/u><\/strong><\/h3><p>Di seguito si riportano le tipologie di dati raccolti attraverso il sito web di Dinova.<\/p><p><strong><em>Dati raccolti durante la navigazione del Sito Web di Dinova. <\/em><\/strong>I sistemi informatici sottostanti al funzionamento del Sito Web acquisiscono, nel corso del loro normale esercizio, alcuni dati personali la cui trasmissione \u00e8 implicita nell\u2019uso dei protocolli di comunicazione di Internet. Si tratta di informazioni che non vengono raccolte allo scopo di essere associate a soggetti identificati, ma che per loro stessa natura potrebbero, attraverso elaborazioni ed abbinamenti con informazioni detenute da terze parti, consentire l\u2019identificazione dell\u2019Utente (soggetto \u201c<em>Interessato al trattamento<\/em>\u201d ai sensi dell\u2019art.4 del Regolamento, ovvero la persona fisica alla quale si riferiscono i dati personali).<\/p><p>Tali informazioni possono includere:<\/p><ul><li>il tipo e la versione del browser<\/li><li>il sistema operativo e l&#8217;interfaccia<\/li><li>preferenze di lingua<\/li><li>il sito web dal quale ci stai visitando (URL referrer)<\/li><li>pagine web che stai visitando sul nostro sito web<\/li><li>data e ora della tua visita<\/li><li>il tuo indirizzo di protocollo Internet (IP)<\/li><\/ul><p>Questi dati vengono utilizzati al solo fine di tenere traccia del traffico sviluppato dal Sito Web, di ricavarne informazioni statistiche anonime sull\u2019uso del sito e per controllarne il corretto funzionamento. Tali dati potrebbero inoltre essere utilizzati, esclusivamente su richiesta da parte di Autorit\u00e0 Giudiziarie e in conformit\u00e0 alle leggi vigenti, per l\u2019accertamento di reati informatici.<\/p><h5><strong><em><a name=\"cookie\"><\/a>Dati trattati tramite cookie.<\/em><\/strong><\/h5><p>Il sito web DINOVA utilizza cookie, e tecnologie simili, durante il suo funzionamento. Si prega di consultare la sezione specifica \u201c<a href=\"\/cookie-policy\/\" data-cmp-ab=\"2\"><strong>Cookie Policy <\/strong><\/a>\u201d.<\/p><h5><strong><em><a name=\"newsletter\"><\/a>Dati raccolti attraverso l\u2019iscrizione alla Newsletter<\/em><\/strong><strong>.\u00a0<\/strong><\/h5><p>Con l\u2019iscrizione alla newsletter tramite il Sito Web di Dinova per ricevere informazioni su prodotti, servizi ed eventi speciali, vengono raccolti dati personali attraverso il relativo modulo di iscrizione.<\/p><h5><strong><em><a name=\"form\"><\/a>Dati raccolti compilando i moduli (web form) presenti sul Sito web.<\/em><\/strong><\/h5><p>Utilizzando i moduli (web form) presenti sul Sito Web potranno essere raccolti da Dinova i seguenti dati personali:<\/p><p>Sezione \u201c<em>Contattaci<\/em>\u201d (per fornire le informazioni richieste dall\u2019Utente, tramite email o contatto telefonico):<\/p><ul><li>Nome e cognome<\/li><li>Indirizzo e-mail<\/li><li>Numero di telefono<\/li><li>Il contenuto della tua richiesta<\/li><\/ul><p>Sezione \u201c<em>Recruiting<\/em>\u201d (per gestire le candidature ricevute in relazione alle posizione aperte pubblicate sul sito web):<\/p><ul><li>Nome e cognome<\/li><li>Codice Fiscale<\/li><li>Indirizzo e-mail<\/li><li>I dati presenti nel Curriculum Vitae<\/li><\/ul><p>\u00a0<\/p><h3><strong><u>AVVISI IMPORTANTI<\/u><\/strong><\/h3><p><strong><em>Il Sito Web di Dinova non offre servizi specificamente diretti a minori di et\u00e0 inferiore ai 16 anni e non ne raccoglie consapevolmente i dati. Qualora l\u2019Utente ritenga di aver fornito dati personali da parte di o relativi a minori, pu\u00f2 \u00a0contattare DINOVA utilizzando i riferimenti riportati nella sezione \u201cTitolare del Trattamento<\/em><\/strong><strong><em>\u201d, richiedendone la cancellazione.<\/em><\/strong><\/p><p><strong><em>Si ricorda che l\u2019Utente si assume la responsabilit\u00e0 dei dati personali di soggetti terzi qualora forniti mediante il Sito Web, e garantisce di avere il diritto di comunicarli liberando Dinova\u00a0 da qualsiasi responsabilit\u00e0.<\/em><\/strong><\/p><h3><strong><u>Finalit\u00e0 del trattamento e basi giuridiche<\/u><\/strong><\/h3><p>Dinova tratta dati personali solo in presenza delle seguenti basi giuridiche:<\/p><ul><li>per adempiere a qualsiasi obbligo legale \/ regolamentare applicabile;<\/li><li>per eseguire i servizi richiesti tramite l\u2019utilizzo dei moduli presente sul sito web (ad esempio iscrizione alla newsletter o proposta di candidatura per una posizione di lavoro);<\/li><li>per perseguire i nostri interessi legittimi o quelli di terzi;<\/li><li>una volta ricevuto il tuo consenso al nostro utilizzo specifico.<\/li><\/ul><p>Di seguito vengono illustrate le finalit\u00e0 per le quali Dinova utilizza e tratta i dati personali dell\u2019Utente e la base giuridica su cui poggia il trattamento.<\/p><table><thead><tr><td width=\"283\"><strong>Finalit\u00e0 del trattamento dei dati personali<\/strong><\/td><td width=\"359\"><strong>Base giuridica <\/strong><\/td><\/tr><\/thead><tbody><tr><td width=\"283\">Inviare comunicazioni all&#8217;Utente sui prodotti, servizi, notizie ed eventi.<\/td><td width=\"359\">Dinova invier\u00e0 comunicazioni elettroniche se l\u2019Utente ha acconsentito a tali comunicazioni (ad es. Newsletter). Per quanto riguarda le altre comunicazioni, rientra nel legittimo interesse di Dinova comunicare all\u2019Utente informazioni su prodotti, servizi, promozioni, offerte, notizie ed eventi. Si considera questo utilizzo proporzionato e non pregiudizievole o dannoso per l\u2019Utente.<\/td><\/tr><tr><td width=\"283\">Fornire pubblicit\u00e0 e offerte in base agli interessi e alle attivit\u00e0 online<\/td><td width=\"359\">Saranno inviate pubblicit\u00e0 e offerte in base agli interessi e alle attivit\u00e0 online solo se l\u2019Utente ha acconsentito a questo trattamento.<\/td><\/tr><tr><td width=\"283\">Migliorare il Sito Web, attraverso\u00a0 l&#8217;esperienza e i giudizi dell\u2019Utente sulla qualit\u00e0 del servizio.<\/td><td width=\"359\">Rientra nel legittimo interesse di Dinova migliorare la sua offerta. Si considera questo utilizzo proporzionato e non pregiudizievole o dannoso per l\u2019Utente.<\/td><\/tr><tr><td width=\"283\">Fornire le informazioni e i servizi richiesti dall\u2019Utente.<\/td><td width=\"359\">\u00c8 necessario elaborare i dati personali dell\u2019Utente al fine di fornire le informazioni e i servizi richiesti a seguito della compilazione dei moduli (web form).<\/td><\/tr><tr><td width=\"283\">Gestire il Sito Web, inclusi risoluzione dei problemi, analisi dei dati, test, ricerca, per mantenerlo sicuro e protetto e per prevenire e rilevare frodi e abusi.<\/td><td width=\"359\">\u00c8 nel legittimo interesse di Dinova monitorare e migliorare continuamente i servizi e l\u2019esperienza del Sito Web e garantire la sicurezza della rete. Si considera questo utilizzo proporzionato e non pregiudizievole o dannoso per l\u2019Utente.<\/td><\/tr><tr><td width=\"283\">Gestire la partecipazione all\u2019iter di ricerca e selezione del personale per la valutazione delle candidature ricevute in relazione alle posizione aperte pubblicate sul sito web.<\/td><td width=\"359\">Dinova proceder\u00e0 nell\u2019esecuzione di misure precontrattuali adottate su richiesta del Candidato derivanti dalla proposta di candidatura ricevute, ed in adempimento degli obblighi di legge correlati al rapporto medesimo.<\/td><\/tr><\/tbody><\/table><h3><strong><u>Mancato conferimento dei dati personali \u2013 Conseguenze<\/u><\/strong><\/h3><p>Quando sono raccolti dati personali tramite i moduli (web form) vengono indicati i campi obbligatori tramite asterischi. Il mancato conferimento da parte dell\u2019Utente dei dati contrassegnati da un asterisco impedisce l\u2019utilizzo del modulo.<\/p><h3><strong><u>Modalit\u00e0 e luogo di trattamento dei dati personali<\/u><\/strong><\/h3><p>Il trattamento dei dati personali dell\u2019Utente viene effettuato con procedure e misure idonee a tutelare la sicurezza dei dati personali dell\u2019Utente in termini di integrit\u00e0, riservatezza e disponibilit\u00e0.<\/p><p>I dati personali acquisiti mediante il sito web sono trattati (archiviati) su server presso la sede o nei data center di DINOVA, tutti collocati sul territorio italiano. Il loro trattamento \u00e8 curato esclusivamente da personale tecnico dell\u2019azienda, esplicitamente incaricato delle finalit\u00e0 del trattamento indicate nella sezione \u201c<em>Finalit\u00e0 del trattamento e basi giuridiche<\/em>\u201d. Nessun dato personale viene comunicato a terzi o trasferito al di fuori del territorio italiano.<\/p><h3><strong><u>Spoofing, phishing e altri rischi<\/u><\/strong><\/h3><p>Specifiche misure di sicurezza sono osservate per prevenire la perdita dei dati, usi illeciti o non corretti ed accessi non autorizzati. Nonostante migliori sforzi fatti da Dinova, non \u00e8 possibile garantire che la trasmissione di dati su Internet sia sicura al 100%. Sebbene l\u2019azienda utilizzi mezzi commercialmente ragionevoli per garantire la sicurezza delle informazioni trasmesse dall\u2019Utente, non \u00e8 possibile garantire che tali informazioni non saranno intercettate da terzi (<em>Spoofing<\/em>). Tuttavia, Dinova si impegna a perseguire qualsiasi azione non autorizzata o fraudolenta nella misura massima consentita dalla legge.<\/p><p>Phishing, Vishing, Smishing, e altri tipi di attacchi sono truffe Internet comuni. Queste truffe possono verificarsi quando si ricevono e-mail, messaggi, telefonate da quella che sembra essere una fonte legittima e nella quale viene richiesto di fornire dati personali. Si tenga presente che Dinova non invier\u00e0 mai e-mail, messaggi o effettuer\u00e0 telefonate chiedendo all\u2019Utente di verificare la carta di pagamento o informazioni di tipo bancarie. Qualora si ricevessero richieste che sembrano provenire da Dinova di questa tipologia, l\u2019Utente non deve MAI rispondere e\/o cliccare su eventuali collegamenti ipertestuali.<\/p><h3><strong><u>Tempi di conservazione dei dati personali<\/u><\/strong><\/h3><p>Dinova conserver\u00e0 i dati personali dell\u2019Utente per un tempo non superiore a quello necessario agli scopi per i quali i dati personali sono raccolti e trattati come indicato nella sezione \u201d<em>Finalit\u00e0 del trattamento e basi giuridich<\/em><em>e<\/em>\u201d.<\/p><p>In particolare:<\/p><ul><li>I <strong><em>dati di navigazione<\/em><\/strong> raccolti automaticamente sono conservati per 6 (sei) mesi, e successivamente elaborati, a fini statistici, in modalit\u00e0 che non consentano pi\u00f9 l\u2019identificazione personale dell\u2019Utente. Periodi di conservazione pi\u00f9 lunghi possono essere imposti dalle leggi vigenti in materia di sicurezza e accertamento dei reati.<\/li><li>I dati i raccolti attraverso l\u2019iscrizione alla \u201c<strong><em>Newsletter<\/em><\/strong><em>\u201d<\/em> saranno conservati fino alla revoca del consenso da parte dell\u2019Utente mediante disiscrizione.\u00a0 Qualora la frequenza di invio delle Newsletter sia minore di 6 mesi, Dinova invier\u00e0 all\u2019Utente una comunicazione di verifica contenente il link di disiscrizione. Per annullare l&#8217;iscrizione alla &#8220;<em>Newsletter<\/em>&#8221; o non ricevere pi\u00f9 da Dinova le e-mail \u00e8 sufficiente che l\u2019Utente faccia clic sul collegamento &#8220;Unsubscribe&#8221; in fondo a ciascuna comunicazione ricevuta.<\/li><li>I dati raccolti compilando il modulo della Sezione \u201c<strong><em>Contatti<\/em><\/strong>\u201d saranno conservati di norma per 24 (ventiquattro) mesi (2 anni), fatta salva la richiesta di cancellazione dell\u2019Utente nell\u2019esercizio dei suoi diritti (vedi sezione \u201cEsercizio dei diritti dell\u2019interessato\u201d)<\/li><li>I dati raccolti compilando il modulo della Sezione \u201c<strong><em>Recruiting<\/em><\/strong>\u201d &#8211; I dati raccolti compilando il modulo della Sezione \u201cRecruiting\u201d saranno conservati finch\u00e9 il Candidato non manifesta lla volont\u00e0 di cancellare i propri dati personali e comunque non oltre diciotto (18) mesi dal momento della loro acquisizione, trascorsi i quali DINOVA provveder\u00e0 a cancellarli.<\/li><\/ul><p>Riguardo i <strong><em>Cookie<\/em><\/strong>, i tempi di conservazione sono quelli indicati nella cookie banner e nel dettaglio delle preferenze dell\u2019Utente rispetto alla selezione specifica effettuata e che \u00e8 riportata nella pagina \u201c<em>Le tue Preferenze sui cookie<\/em>\u201d<\/p><h3><strong><u>Comunicazione dei dati personali<\/u><\/strong><\/h3><p>Dinova non vender\u00e0 i dati personali dell\u2019Utente a titolo oneroso. DINOVA potr\u00e0 condividere i dati personali in circostanze limitate, come per condurre la propria attivit\u00e0, e condividere alcuni dati (indirizzi e-mail) in rare circostanze con le societ\u00e0 del Gruppo Maggioli al fine di dare comunicazioni all\u2019Utente sulle societ\u00e0, su nuovi prodotti, servizi, promozioni, offerte, notizie ed eventi.<\/p><h3><strong><u>Esercizio dei diritti dell\u2019interessato <\/u><\/strong><\/h3><p>Dinova garantisce sempre il diritto di conoscere il trattamento dei dati personali e le relative finalit\u00e0, nonch\u00e9 la possibilit\u00e0 di revocare il consenso nel caso in cui questo sia la base giuridica del trattamento dei dati personali. In particolare, l\u2019Utente pu\u00f2 esercitare \u00a0i seguenti diritti (*):<\/p><ul><li><strong>Diritto di accesso<\/strong>: l\u2019Utente ha il diritto di chiedere conferma se Dinova sta elaborando i propri dati personali e di accedere ad essi ed alle informazioni correlate.<\/li><li><strong>Diritto alla rettifica<\/strong>: l\u2019Utente ha il diritto di far correggere i propri dati personali, come consentito dalla legge.<\/li><li><strong>Diritto alla cancellazione<\/strong>: l\u2019Utente ha diritto di chiedere di cancellare i propri dati personali, come consentito dalla legge.<\/li><li><strong>Diritto alla limitazione del trattamento<\/strong>: l\u2019Utente ha diritto di richiedere la limitazione del trattamento in circostanze limitate.<\/li><li><strong>Diritto alla portabilit\u00e0 dei dati<\/strong>: l\u2019Utente ha il diritto di ricevere i dati personali forniti, in un formato strutturato, di uso comune e leggibile da dispositivo automatico, inoltre, ha il diritto di trasmettere tali informazioni ad un altro titolare del trattamento, nonch\u00e9 di richiederne la trasmissione diretta, ove tecnicamente fattibile.<\/li><li><strong>Diritto di opposizione<\/strong>: l\u2019Utente ha il diritto di opporsi al trattamento dei propri dati personali, come consentito dalla legge, in circostanze limitate.<\/li><\/ul><p><em>(*) questi diritti si applicano solo alle persone fisiche residenti nell&#8217;Unione Europea.<\/em><\/p><p>Per esercitare uno qualsiasi di questi diritti, l\u2019Utente pu\u00f2 utilizzare i riferimenti riportati nella sezione \u201c<em>Titolare del Trattamento<\/em><em>\u00a0<\/em>\u201d, indicando nell\u2019oggetto della comunicazione che si tratta della richiesta \u201c<em>Esercizio dei Diritti ex Regolamento UE n. 2016\/679<\/em>\u201d.<\/p><p>Si prega di notare che i diritti di cui sopra non sono assoluti e\u00a0 Dinova potr\u00e0 rifiutare le richieste, in tutto o in parte, laddove si applichino eccezioni ai sensi della normativa vigente. L\u2019Utente ha diritto a ricevere una copia dei propri dati personali oggetto del trattamento. In caso di richiesta di ulteriori copie, Dinova pu\u00f2 addebitare un contributo spese ragionevole basato sui costi amministrativi. Il diritto di ottenere una copia non deve ledere i diritti e le libert\u00e0 altrui.<\/p><p>Nel caso in cui l\u2019Utente richieda di esercitare i propri diritti, Dinova potrebbe aver bisogno di verificarne l\u2019identit\u00e0 e, quindi, di richiedere \u00a0all\u2019Utente i dati identificativi e di contatto essenziali. Eventuali limitazioni all&#8217;esercizio dei diritti dell\u2019Utente ed ai conseguenti obblighi di Dinova possono essere imposti dalla legge applicabile.<\/p><p>Qualora l\u2019Utente ritenesse che il trattamento dei dati, effettuato da Dinova, avvenga in violazione di quanto previsto dal GDPR, ha il diritto di proporre reclamo scritto presso le opportune sedi giudiziarie ai sensi dell\u2019art. 79 del GDPR. Il Titolare, al quale potr\u00e0 rivolgersi per far valere i diritti di cui agli artt. dal 15 al 22 del Regolamento e dalla normativa nazionale vigente, \u00e8 quello individuato in epigrafe e raggiungibile all\u2019indirizzo privacy@dinova.one<\/p><p>L\u2019Utente ha diritto anche di proporre reclamo all\u2019Autorit\u00e0 Garante per la Protezione dei dati personali ai sensi dell\u2019art.77 del GDPR (<a href=\"http:\/\/www.garanteprivacy.it\">http:\/\/www.garanteprivacy.it<\/a>).<\/p><h3><span style=\"text-decoration: underline;\"><strong>Responsabile della protezione dei dati (DPO)<\/strong><\/span><\/h3><p><b><\/b>Il Titolare ha provveduto a nominare il Responsabile della protezione dei dati che potr\u00e0 essere contattato ai seguenti indirizzi:<br \/><a href=\"mailto:dpo-privacy@dinova.one\">dpo-privacy@dinova.one<\/a><br \/>PEC <a href=\"mailto:dpo.privacy@maggioli.legalmail.it\" target=\"_blank\" rel=\"noopener\">dpo.privacy@maggioli.<wbr \/>legalmail.it<\/a>\u00a0\u00a0<\/p><h3><strong><u>Gestione dei Cookie<\/u><\/strong><\/h3><p>Il Sito Web Dinova utilizza cookie, e tecnologie simili, durante il suo funzionamento. Si prega di consultare la sezione specifica \u201c<a href=\"\/cookie-policy\/\"><strong>Cookie Policy<\/strong><\/a>\u00a0\u201d.<\/p>\t\t\t\t\t\t\t\t<\/div>\n\t\t\t\t<\/div>\n\t\t\t\t\t<\/div>\n\t\t\t\t<\/div>\n\t\t\t\t<\/div>\n\t\t","protected":false},"excerpt":{"rendered":"<p>L\u2019informativa \u00e8 resa per il sito\u00a0\u201cwww.dinova.one\u201d (di seguito indicato anche come \u201cSito Web\u201d) e non anche per altri siti web eventualmente consultati dall\u2019Utente tramite link, ai sensi e per gli effetti dell\u2019art.13 del Regolamento UE n. 2016\/679 \u201cRegolamento Generale sulla Protezione dei Dati\u201d (di seguito \u201cRegolamento\u201d). Introduzione Dinova \u00e8 impegnata a promuovere il rispetto della [&hellip;]<\/p>\n","protected":false},"author":1,"featured_media":0,"parent":0,"menu_order":0,"comment_status":"closed","ping_status":"closed","template":"","meta":{"_acf_changed":false,"footnotes":""},"tipo-di-pagina":[],"class_list":["post-1613","page","type-page","status-publish","hentry"],"acf":[],"_links":{"self":[{"href":"https:\/\/www.dinova.one\/es-es\/wp-json\/wp\/v2\/pages\/1613","targetHints":{"allow":["GET"]}}],"collection":[{"href":"https:\/\/www.dinova.one\/es-es\/wp-json\/wp\/v2\/pages"}],"about":[{"href":"https:\/\/www.dinova.one\/es-es\/wp-json\/wp\/v2\/types\/page"}],"author":[{"embeddable":true,"href":"https:\/\/www.dinova.one\/es-es\/wp-json\/wp\/v2\/users\/1"}],"replies":[{"embeddable":true,"href":"https:\/\/www.dinova.one\/es-es\/wp-json\/wp\/v2\/comments?post=1613"}],"version-history":[{"count":10,"href":"https:\/\/www.dinova.one\/es-es\/wp-json\/wp\/v2\/pages\/1613\/revisions"}],"predecessor-version":[{"id":6815,"href":"https:\/\/www.dinova.one\/es-es\/wp-json\/wp\/v2\/pages\/1613\/revisions\/6815"}],"wp:attachment":[{"href":"https:\/\/www.dinova.one\/es-es\/wp-json\/wp\/v2\/media?parent=1613"}],"wp:term":[{"taxonomy":"tipo-di-pagina","embeddable":true,"href":"https:\/\/www.dinova.one\/es-es\/wp-json\/wp\/v2\/tipo-di-pagina?post=1613"}],"curies":[{"name":"wp","href":"https:\/\/api.w.org\/{rel}","templated":true}]}}